{"id":2481,"date":"2025-02-12T16:25:52","date_gmt":"2025-02-12T15:25:52","guid":{"rendered":"https:\/\/www.roastmarket.de\/magazin\/?page_id=2481"},"modified":"2025-05-22T13:24:12","modified_gmt":"2025-05-22T11:24:12","slug":"nosto-test-page","status":"publish","type":"page","link":"https:\/\/www.roastmarket.de\/magazin\/nosto-test-page\/","title":{"rendered":"Nosto-Test-Page"},"content":{"rendered":"\n    <div class=\"magento-product\">\r\n        <a href=\"https:\/\/s.roastmarket.de\/gorilla-kaffee-500g-gemahlen.html\" target=\"_blank\">\r\n                            <span class=\"magento-img-cont\">\r\n                        <img decoding=\"async\" src=\"https:\/\/s.roastmarket.de\/media\/catalog\/product\/g\/o\/gorilla-kaffee-500g-gemahlen.jpg\"\r\n                             alt=\"Gorilla Kaffee 500g gemahlen\"\r\n                             class=\"magento-product-img\" \/>\r\n                                                                                                <\/span>\r\n                            <span class=\"price-box\">\r\n                                    <span class=\"magento-product-price price\">11,99 \u20ac<\/span>\r\n                                                                <span class=\"price-per-kg\">23,98 \u20ac \/ 1kg<\/span>\r\n                                                    <span class=\"magento-product-title\">Gorilla Kaffee 500g gemahlen<\/span>\r\n                <span class=\"magento-product-description\">Die Kaffeemischung Gorilla Kaffee 500g gemahlen von der traditionsreichen R&ouml;sterei Gorilla besteht aus sorgsam ausgew&auml;hlten Kaffeebo...                <\/span>\r\n            <\/span>\r\n        <\/a>\r\n                    <span class=\"product-cta-wrapper\">\r\n        <span class=\"magento-button-cont\">\r\n            <a href=\"https:\/\/s.roastmarket.de\/gorilla-kaffee-500g-gemahlen.html\"\r\n               class=\"button magento-product-button\"\r\n               target=\"_blank\">Buy Now!<\/a>\r\n        <\/span>\r\n    <\/span>\r\n        \r\n    <\/div>\r\n\r\n    \n\n\n    <div class=\"splide magento-products-slider\" aria-label=\"Magento Produkt Slider\">\n        <div class=\"splide__track\">\n            <ul class=\"splide__list\">\n                                    <li class=\"splide__slide magento-product\">\n                        <a href=\"https:\/\/s.roastmarket.de\/lavazza-tales-of-italy-napoli-10-kapseln-nespresso-kompatibel.html\" target=\"_blank\" rel=\"noopener noreferrer\">\n                                                        <span class=\"magento-img-cont\">\n                                    <img decoding=\"async\" src=\"https:\/\/s.roastmarket.de\/media\/catalog\/product\/0\/0\/000002789_aa_3d_dinamico_ast_10_cap_ncc_alu_tal_nap_cu_cf__12_23_front_copia_1.jpg\" alt=\"Lavazza Tales of Italy Napoli 10 Kapseln Nespresso\u00ae kompatibel\" class=\"magento-product-img\" \/>\n                                                            <\/span>\n                                \n                            <span class=\"price-box\">\n                                                                    <span class=\"price\">4,69 \u20ac<\/span>\n                                                                                                                                    <span class=\"price-per-kg\">85,27 \u20ac \/ 1kg<\/span>\n                                                                <span class=\"magento-product-title\">Lavazza Tales of Italy Napoli 10 Kapseln Nespresso\u00ae kompatibel<\/span>\n                            <\/span>\n                        <\/a>\n                    <\/li>\n                                    <li class=\"splide__slide magento-product\">\n                        <a href=\"https:\/\/s.roastmarket.de\/lavazza-caffe-crema-classico-bohnen-1kg.html\" target=\"_blank\" rel=\"noopener noreferrer\">\n                                                        <span class=\"magento-img-cont\">\n                                    <img decoding=\"async\" src=\"https:\/\/s.roastmarket.de\/media\/catalog\/product\/l\/a\/lavazza-caffe-crema-classico-bohnen-1kg.jpg\" alt=\"Lavazza Caff\u00e8 Crema Classico 1kg\" class=\"magento-product-img\" \/>\n                                                            <\/span>\n                                \n                            <span class=\"price-box\">\n                                                                    <span class=\"price\">22,99 \u20ac<\/span>\n                                                                                                                                    <span class=\"price-per-kg\">22,99 \u20ac \/ 1kg<\/span>\n                                                                <span class=\"magento-product-title\">Lavazza Caff\u00e8 Crema Classico 1kg<\/span>\n                            <\/span>\n                        <\/a>\n                    <\/li>\n                                    <li class=\"splide__slide magento-product\">\n                        <a href=\"https:\/\/s.roastmarket.de\/gorilla-kaffee-500g-gemahlen.html\" target=\"_blank\" rel=\"noopener noreferrer\">\n                                                        <span class=\"magento-img-cont\">\n                                    <img decoding=\"async\" src=\"https:\/\/s.roastmarket.de\/media\/catalog\/product\/g\/o\/gorilla-kaffee-500g-gemahlen.jpg\" alt=\"Gorilla Kaffee 500g gemahlen\" class=\"magento-product-img\" \/>\n                                                            <\/span>\n                                \n                            <span class=\"price-box\">\n                                                                    <span class=\"price\">11,99 \u20ac<\/span>\n                                                                                                                                    <span class=\"price-per-kg\">23,98 \u20ac \/ 1kg<\/span>\n                                                                <span class=\"magento-product-title\">Gorilla Kaffee 500g gemahlen<\/span>\n                            <\/span>\n                        <\/a>\n                    <\/li>\n                                    <li class=\"splide__slide magento-product\">\n                        <a href=\"https:\/\/s.roastmarket.de\/sage-the-temp-control-milchkaennchen.html\" target=\"_blank\" rel=\"noopener noreferrer\">\n                                                        <span class=\"magento-img-cont\">\n                                    <img decoding=\"async\" src=\"https:\/\/s.roastmarket.de\/media\/catalog\/product\/s\/a\/sage-the-temp-control-milchk_nnchen-rightside.jpg.jpg\" alt=\"Sage the Temp Control Milchk\u00e4nnchen 480ml\" class=\"magento-product-img\" \/>\n                                                                    <span class=\"disc-desc-rec\">\n                                - 26 %\n                                    <\/span>\n                                                            <\/span>\n                                \n                            <span class=\"price-box\">\n                                                                    <span class=\"price\">36,99 \u20ac<\/span>\n                                                                                                    <span class=\"magento-product-price old-price\">49.99 \u20ac<\/span>\n                                                                                                <span class=\"magento-product-title\">Sage the Temp Control Milchk\u00e4nnchen 480ml<\/span>\n                            <\/span>\n                        <\/a>\n                    <\/li>\n                                    <li class=\"splide__slide magento-product\">\n                        <a href=\"https:\/\/s.roastmarket.de\/gorilla-kaffee-500g-gemahlen.html\" target=\"_blank\" rel=\"noopener noreferrer\">\n                                                        <span class=\"magento-img-cont\">\n                                    <img decoding=\"async\" src=\"https:\/\/s.roastmarket.de\/media\/catalog\/product\/g\/o\/gorilla-kaffee-500g-gemahlen.jpg\" alt=\"Gorilla Kaffee 500g gemahlen\" class=\"magento-product-img\" \/>\n                                                            <\/span>\n                                \n                            <span class=\"price-box\">\n                                                                    <span class=\"price\">11,99 \u20ac<\/span>\n                                                                                                                                    <span class=\"price-per-kg\">23,98 \u20ac \/ 1kg<\/span>\n                                                                <span class=\"magento-product-title\">Gorilla Kaffee 500g gemahlen<\/span>\n                            <\/span>\n                        <\/a>\n                    <\/li>\n                            <\/ul>\n        <\/div>\n    <\/div>\n    <style>\n        .magento-products-slider {\n            max-width: 100% !important;\n            margin-bottom: 80px;\n\n            .splide__arrows {\n                position: absolute;\n                z-index: 10;\n                top: 50%;\n                transform: translateY(-50%);\n                width: 100%;\n\n                .splide__arrow {\n                    position: absolute;\n                    display: inline-block;\n                    background: #fff;\n                    width: 55px;\n                    height: 55px;\n                    cursor: pointer;\n                    opacity: .7;\n                    color: #211714;\n                    border-radius: 4px;\n                    border: 1px solid #000;\n\n                    &:hover {\n                        opacity: 1;\n                    }\n\n                    &:disabled {\n                        opacity: 0;\n                    }\n\n                    svg {\n                        transform: scale(.4);\n                    }\n                }\n\n                .splide__arrow--prev {\n                    svg {\n                        transform: scale(.4) rotate(180deg);\n                    }\n                }\n\n                .splide__arrow--next {\n                    right: 0;\n                }\n            }\n        }\n\n        .magento-products-slider .splide__track {\n            padding-bottom: 30px;\n        }\n\n        .splide__slide.magento-product {\n            display: flex;\n        }\n\n        .splide__slide.magento-product .magento-img-cont img {\n            max-height: 420px;\n        }\n\n        .splide__slide.magento-product > a {\n            display: flex;\n            flex-direction: column;\n            flex: 1;\n        }\n\n        .splide__slide.magento-product .price-box {\n            width: 100%;\n            flex: 1;\n        }\n\n        .splide__slide.magento-product .magento-img-cont {\n            justify-content: center;\n            height: auto;\n            width: 100%;\n        }\n\n    <\/style>\n    \n\n\n\n    <div class=\"magento-product\">\r\n        <a href=\"https:\/\/s.roastmarket.de\/lavazza-caffe-crema-classico-bohnen-1kg.html\" target=\"_blank\">\r\n                            <span class=\"magento-img-cont\">\r\n                        <img decoding=\"async\" src=\"https:\/\/s.roastmarket.de\/media\/catalog\/product\/l\/a\/lavazza-caffe-crema-classico-bohnen-1kg.jpg\"\r\n                             alt=\"Lavazza Caff\u00e8 Crema Classico 1kg\"\r\n                             class=\"magento-product-img\" \/>\r\n                                                                                                <\/span>\r\n                            <span class=\"price-box\">\r\n                                    <span class=\"magento-product-price price\">22,99 \u20ac<\/span>\r\n                                                                <span class=\"price-per-kg\">22,99 \u20ac \/ 1kg<\/span>\r\n                                                    <span class=\"magento-product-title\">Lavazza Caff\u00e8 Crema Classico 1kg<\/span>\r\n                <span class=\"magento-product-description\">F\u00fcr den Caff\u00e9 Crema Classico von Lavazza wurden erlesene Sorten von Arabica- und Robustabohnen aus S\u00fcdamerika, Afrika und S\u00fcdasien gesammelt. Die Kaff...                <\/span>\r\n            <\/span>\r\n        <\/a>\r\n                    <span class=\"product-cta-wrapper\">\r\n        <span class=\"magento-button-cont\">\r\n            <a href=\"https:\/\/s.roastmarket.de\/lavazza-caffe-crema-classico-bohnen-1kg.html\"\r\n               class=\"button magento-product-button\"\r\n               target=\"_blank\">Buy Now!<\/a>\r\n        <\/span>\r\n    <\/span>\r\n        \r\n    <\/div>\r\n\r\n    \n\n\n\n<p><\/p>\n\n\n\n    <div class=\"magento-product\">\r\n        <a href=\"https:\/\/s.roastmarket.de\/italienisches-bestsellerpaket-1-5kg.html\" target=\"_blank\">\r\n                            <span class=\"magento-img-cont\">\r\n                        <img decoding=\"async\" src=\"https:\/\/s.roastmarket.de\/media\/catalog\/product\/i\/t\/italienisches-bestsellerpaket-1_5kg-b-8.jpg\"\r\n                             alt=\"Italienisches Bestsellerpaket 1,5kg\"\r\n                             class=\"magento-product-img\" \/>\r\n                                                                                <span class=\"disc-desc-rec\">\r\n                                - 9 %\r\n                            <\/span>\r\n                                                                        <\/span>\r\n                            <span class=\"price-box\">\r\n                                    <span class=\"magento-product-price price\">57,99 \u20ac<\/span>\r\n                                            <span class=\"magento-product-price old-price\">63.86 \u20ac<\/span>\r\n                                                                <span class=\"price-per-kg\">38,66 \u20ac \/ 1kg<\/span>\r\n                                                    <span class=\"magento-product-title\">Italienisches Bestsellerpaket 1,5kg<\/span>\r\n                <span class=\"magento-product-description\">                <\/span>\r\n            <\/span>\r\n        <\/a>\r\n        \r\n    <\/div>\r\n\r\n    \n\n\n\n    <div class=\"magento-product\">\r\n        <a href=\"https:\/\/s.roastmarket.de\/lavazza-tales-of-italy-napoli-10-kapseln-nespresso-kompatibel.html\" target=\"_blank\">\r\n                            <span class=\"magento-img-cont\">\r\n                        <img decoding=\"async\" src=\"https:\/\/s.roastmarket.de\/media\/catalog\/product\/0\/0\/000002789_aa_3d_dinamico_ast_10_cap_ncc_alu_tal_nap_cu_cf__12_23_front_copia_1.jpg\"\r\n                             alt=\"Lavazza Tales of Italy Napoli 10 Kapseln Nespresso\u00ae kompatibel\"\r\n                             class=\"magento-product-img\" \/>\r\n                                                                                                <\/span>\r\n                            <span class=\"price-box\">\r\n                                    <span class=\"magento-product-price price\">4,69 \u20ac<\/span>\r\n                                                                <span class=\"price-per-kg\">85,27 \u20ac \/ 1kg<\/span>\r\n                                                    <span class=\"magento-product-title\">Lavazza Tales of Italy Napoli 10 Kapseln Nespresso\u00ae kompatibel<\/span>\r\n                <span class=\"magento-product-description\">Lavazza Tales of Italy Napoli Kapseln bieten ein unvergleichliches Kaffeeerlebnis, das die Leidenschaft und Tradition italienischer Kaffeekunst verk\u00f6r...                <\/span>\r\n            <\/span>\r\n        <\/a>\r\n        \r\n    <\/div>\r\n\r\n    \n\n\n    <div class=\"magento-product\">\r\n        <a href=\"https:\/\/s.roastmarket.de\/ohavn-kaffee-cafe-crema-1kg.html\" target=\"_blank\">\r\n                            <span class=\"magento-img-cont\">\r\n                        <img decoding=\"async\" src=\"https:\/\/s.roastmarket.de\/media\/catalog\/product\/o\/h\/ohavn-cafe-crema-1kg-front.jpg\"\r\n                             alt=\"\u00d8havn KAFFEE Cafe Crema 1kg\"\r\n                             class=\"magento-product-img\" \/>\r\n                                                                                                <\/span>\r\n                            <span class=\"price-box\">\r\n                                    <span class=\"magento-product-price price\">26,99 \u20ac<\/span>\r\n                                                                <span class=\"price-per-kg\">26,99 \u20ac \/ 1kg<\/span>\r\n                                                    <span class=\"magento-product-title\">\u00d8havn KAFFEE Cafe Crema 1kg<\/span>\r\n                <span class=\"magento-product-description\">Unser \u00d8havn Cafe Crema kommt als mittlere Kaffeer\u00f6stung (American Roast) mit einem milden Aroma und einer sanften S\u00e4ure....                <\/span>\r\n            <\/span>\r\n        <\/a>\r\n                    <span class=\"product-cta-wrapper\">\r\n        <span class=\"magento-button-cont\">\r\n            <a href=\"https:\/\/s.roastmarket.de\/ohavn-kaffee-cafe-crema-1kg.html\"\r\n               class=\"button magento-product-button\"\r\n               target=\"_blank\">Jetzt kaufen<\/a>\r\n        <\/span>\r\n    <\/span>\r\n        \r\n    <\/div>\r\n\r\n    \n\n\n\n<div class=\"wp-block-columns is-layout-flex wp-container-core-columns-is-layout-9d6595d7 wp-block-columns-is-layout-flex\">\n<div class=\"wp-block-column is-layout-flow wp-block-column-is-layout-flow\">    <div class=\"magento-product\">\r\n        <a href=\"https:\/\/s.roastmarket.de\/sage-the-temp-control-milchkaennchen.html\" target=\"_blank\">\r\n                            <span class=\"magento-img-cont\">\r\n                        <img decoding=\"async\" src=\"https:\/\/s.roastmarket.de\/media\/catalog\/product\/s\/a\/sage-the-temp-control-milchk_nnchen-rightside.jpg.jpg\"\r\n                             alt=\"Sage the Temp Control Milchk\u00e4nnchen 480ml\"\r\n                             class=\"magento-product-img\" \/>\r\n                                                                                <span class=\"disc-desc-rec\">\r\n                                - 26 %\r\n                            <\/span>\r\n                                                                        <\/span>\r\n                            <span class=\"price-box\">\r\n                                    <span class=\"magento-product-price price\">36,99 \u20ac<\/span>\r\n                                            <span class=\"magento-product-price old-price\">49.99 \u20ac<\/span>\r\n                                                                        <span class=\"magento-product-title\">Sage the Temp Control Milchk\u00e4nnchen 480ml<\/span>\r\n                <span class=\"magento-product-description\">Wer schon einmal hinter einer Espressomaschine stand, wei\u00df, dass die Temperatur der Milch bei den zahlreichen Latte-Kreationen besonders wichtig ist. ...                <\/span>\r\n            <\/span>\r\n        <\/a>\r\n                    <span class=\"product-cta-wrapper\">\r\n        <span class=\"magento-button-cont\">\r\n            <a href=\"https:\/\/s.roastmarket.de\/sage-the-temp-control-milchkaennchen.html\"\r\n               class=\"button magento-product-button\"\r\n               target=\"_blank\">Buy Now!<\/a>\r\n        <\/span>\r\n    <\/span>\r\n        \r\n    <\/div>\r\n\r\n    \n<\/div>\n\n\n\n<div class=\"wp-block-column is-layout-flow wp-block-column-is-layout-flow\">    <div class=\"magento-product\">\r\n        <a href=\"https:\/\/s.roastmarket.de\/sage-the-temp-control-milchkaennchen.html\" target=\"_blank\">\r\n                            <span class=\"magento-img-cont\">\r\n                        <img decoding=\"async\" src=\"https:\/\/s.roastmarket.de\/media\/catalog\/product\/s\/a\/sage-the-temp-control-milchk_nnchen-rightside.jpg.jpg\"\r\n                             alt=\"Sage the Temp Control Milchk\u00e4nnchen 480ml\"\r\n                             class=\"magento-product-img\" \/>\r\n                                                                                <span class=\"disc-desc-rec\">\r\n                                - 26 %\r\n                            <\/span>\r\n                                                                        <\/span>\r\n                            <span class=\"price-box\">\r\n                                    <span class=\"magento-product-price price\">36,99 \u20ac<\/span>\r\n                                            <span class=\"magento-product-price old-price\">49.99 \u20ac<\/span>\r\n                                                                        <span class=\"magento-product-title\">Sage the Temp Control Milchk\u00e4nnchen 480ml<\/span>\r\n                <span class=\"magento-product-description\">Wer schon einmal hinter einer Espressomaschine stand, wei\u00df, dass die Temperatur der Milch bei den zahlreichen Latte-Kreationen besonders wichtig ist. ...                <\/span>\r\n            <\/span>\r\n        <\/a>\r\n                    <span class=\"product-cta-wrapper\">\r\n        <span class=\"magento-button-cont\">\r\n            <a href=\"https:\/\/s.roastmarket.de\/sage-the-temp-control-milchkaennchen.html\"\r\n               class=\"button magento-product-button\"\r\n               target=\"_blank\">Buy Now!<\/a>\r\n        <\/span>\r\n    <\/span>\r\n        \r\n    <\/div>\r\n\r\n    \n<\/div>\n<\/div>\n","protected":false},"excerpt":{"rendered":"","protected":false},"author":11,"featured_media":0,"parent":0,"menu_order":0,"comment_status":"closed","ping_status":"closed","template":"","meta":{"_acf_changed":false,"footnotes":""},"class_list":["post-2481","page","type-page","status-publish","hentry"],"acf":[],"yoast_head":"<!-- This site is optimized with the Yoast SEO plugin v25.2 - https:\/\/yoast.com\/wordpress\/plugins\/seo\/ -->\n<title>Nosto-Test-Page - roastmarket Magazin<\/title>\n<meta name=\"robots\" content=\"noindex, follow\" \/>\n<meta property=\"og:locale\" content=\"de_DE\" \/>\n<meta property=\"og:type\" content=\"article\" \/>\n<meta property=\"og:title\" content=\"Nosto-Test-Page - roastmarket Magazin\" \/>\n<meta property=\"og:url\" content=\"https:\/\/www.roastmarket.de\/magazin\/nosto-test-page\/\" \/>\n<meta property=\"og:site_name\" content=\"roastmarket Magazin\" \/>\n<meta property=\"article:publisher\" content=\"https:\/\/www.facebook.com\/roastmarket\/\" \/>\n<meta property=\"article:modified_time\" content=\"2025-05-22T11:24:12+00:00\" \/>\n<meta name=\"twitter:card\" content=\"summary_large_image\" \/>\n<meta name=\"twitter:site\" content=\"@roastmarket\" \/>\n<meta name=\"twitter:label1\" content=\"Gesch\u00e4tzte Lesezeit\" \/>\n\t<meta name=\"twitter:data1\" content=\"1\u00a0Minute\" \/>\n<!-- \/ Yoast SEO plugin. -->","yoast_head_json":{"title":"Nosto-Test-Page - roastmarket Magazin","robots":{"index":"noindex","follow":"follow"},"og_locale":"de_DE","og_type":"article","og_title":"Nosto-Test-Page - roastmarket Magazin","og_url":"https:\/\/www.roastmarket.de\/magazin\/nosto-test-page\/","og_site_name":"roastmarket Magazin","article_publisher":"https:\/\/www.facebook.com\/roastmarket\/","article_modified_time":"2025-05-22T11:24:12+00:00","twitter_card":"summary_large_image","twitter_site":"@roastmarket","twitter_misc":{"Gesch\u00e4tzte Lesezeit":"1\u00a0Minute"},"schema":{"@context":"https:\/\/schema.org","@graph":[{"@type":"WebPage","@id":"https:\/\/www.roastmarket.de\/magazin\/nosto-test-page\/","url":"https:\/\/www.roastmarket.de\/magazin\/nosto-test-page\/","name":"Nosto-Test-Page - roastmarket Magazin","isPartOf":{"@id":"https:\/\/www.roastmarket.de\/magazin\/#website"},"datePublished":"2025-02-12T15:25:52+00:00","dateModified":"2025-05-22T11:24:12+00:00","breadcrumb":{"@id":"https:\/\/www.roastmarket.de\/magazin\/nosto-test-page\/#breadcrumb"},"inLanguage":"de","potentialAction":[{"@type":"ReadAction","target":["https:\/\/www.roastmarket.de\/magazin\/nosto-test-page\/"]}]},{"@type":"BreadcrumbList","@id":"https:\/\/www.roastmarket.de\/magazin\/nosto-test-page\/#breadcrumb","itemListElement":[{"@type":"ListItem","position":1,"name":"Home","item":"https:\/\/www.roastmarket.de\/magazin\/"},{"@type":"ListItem","position":2,"name":"Nosto-Test-Page"}]},{"@type":"WebSite","@id":"https:\/\/www.roastmarket.de\/magazin\/#website","url":"https:\/\/www.roastmarket.de\/magazin\/","name":"roastmarket Magazin","description":"Das Kaffee und Lifestyle Magazin","publisher":{"@id":"https:\/\/www.roastmarket.de\/magazin\/#organization"},"potentialAction":[{"@type":"SearchAction","target":{"@type":"EntryPoint","urlTemplate":"https:\/\/www.roastmarket.de\/magazin\/?s={search_term_string}"},"query-input":{"@type":"PropertyValueSpecification","valueRequired":true,"valueName":"search_term_string"}}],"inLanguage":"de"},{"@type":"Organization","@id":"https:\/\/www.roastmarket.de\/magazin\/#organization","name":"roastmarket","url":"https:\/\/www.roastmarket.de\/magazin\/","logo":{"@type":"ImageObject","inLanguage":"de","@id":"https:\/\/www.roastmarket.de\/magazin\/#\/schema\/logo\/image\/","url":"https:\/\/www.roastmarket.de\/magazin\/wp-content\/uploads\/2022\/08\/roastmarket-logo.png","contentUrl":"https:\/\/www.roastmarket.de\/magazin\/wp-content\/uploads\/2022\/08\/roastmarket-logo.png","width":225,"height":225,"caption":"roastmarket"},"image":{"@id":"https:\/\/www.roastmarket.de\/magazin\/#\/schema\/logo\/image\/"},"sameAs":["https:\/\/www.facebook.com\/roastmarket\/","https:\/\/x.com\/roastmarket","https:\/\/www.instagram.com\/roastmarket\/"]}]}},"_links":{"self":[{"href":"https:\/\/www.roastmarket.de\/magazin\/wp-json\/wp\/v2\/pages\/2481","targetHints":{"allow":["GET"]}}],"collection":[{"href":"https:\/\/www.roastmarket.de\/magazin\/wp-json\/wp\/v2\/pages"}],"about":[{"href":"https:\/\/www.roastmarket.de\/magazin\/wp-json\/wp\/v2\/types\/page"}],"author":[{"embeddable":true,"href":"https:\/\/www.roastmarket.de\/magazin\/wp-json\/wp\/v2\/users\/11"}],"replies":[{"embeddable":true,"href":"https:\/\/www.roastmarket.de\/magazin\/wp-json\/wp\/v2\/comments?post=2481"}],"version-history":[{"count":21,"href":"https:\/\/www.roastmarket.de\/magazin\/wp-json\/wp\/v2\/pages\/2481\/revisions"}],"predecessor-version":[{"id":30423,"href":"https:\/\/www.roastmarket.de\/magazin\/wp-json\/wp\/v2\/pages\/2481\/revisions\/30423"}],"wp:attachment":[{"href":"https:\/\/www.roastmarket.de\/magazin\/wp-json\/wp\/v2\/media?parent=2481"}],"curies":[{"name":"wp","href":"https:\/\/api.w.org\/{rel}","templated":true}]}}